{"id":303,"date":"2021-09-01T19:14:00","date_gmt":"2021-09-01T19:14:00","guid":{"rendered":"http:\/\/sosanovel.net\/?p=303"},"modified":"2023-08-03T19:05:21","modified_gmt":"2023-08-03T19:05:21","slug":"escalona","status":"publish","type":"page","link":"https:\/\/sosanovel.net\/?page_id=303","title":{"rendered":"Escalona &#8211;"},"content":{"rendered":"<p>&lt;!doctype html&gt;<\/p>\n<figure><video autoplay=\"autoplay\" controls=\"controls\" width=\"300\" height=\"150\" data-poster=\"https:\/\/lh3.googleusercontent.com\/-20Uq0Wt2Phw\/YS96Bs8cQAI\/AAAAAAAACcU\/7gkE-AydWFQijZ6uhyKN0mzpFE6FBeDTACLcBGAsYHQ\/Escalona.jpg\"><source src=\"\" type=\"video\/mp4\" \/><\/video><\/p>\n<div>\n<h2>Escalona Cap\u00edtulo 1<\/h2>\n<\/div><figcaption>\n<div><a href=\"https:\/\/sv3.sosanovel.com\/novela\/escalona\/escalona1.mp4\">Cap\u00edtulo 1<\/a><a href=\"https:\/\/sv3.sosanovel.com\/novela\/escalona\/escalona2.mp4\">Cap\u00edtulo 2<\/a><a href=\"https:\/\/sv3.sosanovel.com\/novela\/escalona\/escalona3.mp4\">Cap\u00edtulo 3<\/a><a href=\"https:\/\/sv3.sosanovel.com\/novela\/escalona\/escalona4.mp4\">Cap\u00edtulo 4<\/a><a href=\"https:\/\/sv3.sosanovel.com\/novela\/escalona\/escalona5.mp4\">Cap\u00edtulo 5<\/a><a href=\"https:\/\/sv3.sosanovel.com\/novela\/escalona\/escalona6.mp4\">Cap\u00edtulo 6<\/a><a href=\"https:\/\/sv3.sosanovel.com\/novela\/escalona\/escalona7.mp4\">Cap\u00edtulo 7<\/a><a href=\"https:\/\/sv3.sosanovel.com\/novela\/escalona\/escalona8.mp4\">Cap\u00edtulo 8<\/a><a href=\"https:\/\/sv3.sosanovel.com\/novela\/escalona\/escalona9.mp4\">Cap\u00edtulo 9<\/a><a href=\"https:\/\/sv3.sosanovel.com\/novela\/escalona\/escalona10.mp4\">Cap\u00edtulo 10<\/a><a href=\"https:\/\/sv3.sosanovel.com\/novela\/escalona\/escalona11.mp4\">Cap\u00edtulo 11<\/a><a href=\"https:\/\/sv3.sosanovel.com\/novela\/escalona\/escalona12.mp4\">Cap\u00edtulo 12<\/a><a href=\"https:\/\/sv3.sosanovel.com\/novela\/escalona\/escalona13.mp4\">Cap\u00edtulo 13<\/a><a href=\"https:\/\/sv3.sosanovel.com\/novela\/escalona\/escalona14.mp4\">Cap\u00edtulo 14<\/a><a href=\"https:\/\/sv3.sosanovel.com\/novela\/escalona\/escalona15.mp4\">Cap\u00edtulo 15<\/a><a href=\"https:\/\/sv3.sosanovel.com\/novela\/escalona\/escalona16.mp4\">Cap\u00edtulo 16<\/a><a href=\"https:\/\/sv3.sosanovel.com\/novela\/escalona\/escalona17.mp4\">Cap\u00edtulo 17<\/a><a href=\"https:\/\/sv3.sosanovel.com\/novela\/escalona\/escalona18.mp4\">Cap\u00edtulo 18<\/a><a href=\"https:\/\/sv3.sosanovel.com\/novela\/escalona\/escalona19.mp4\">Cap\u00edtulo 19<\/a><a href=\"https:\/\/sv3.sosanovel.com\/novela\/escalona\/escalona20.mp4\">Cap\u00edtulo 20<\/a><a href=\"https:\/\/sv3.sosanovel.com\/novela\/escalona\/escalona21.mp4\">Cap\u00edtulo 21<\/a><a href=\"https:\/\/sv3.sosanovel.com\/novela\/escalona\/escalona22.mp4\">Cap\u00edtulo 22<\/a><a href=\"https:\/\/sv3.sosanovel.com\/novela\/escalona\/escalona23.mp4\">Cap\u00edtulo 23<\/a><a href=\"https:\/\/sv3.sosanovel.com\/novela\/escalona\/escalona24.mp4\">Cap\u00edtulo 24<\/a><a href=\"https:\/\/sv3.sosanovel.com\/novela\/escalona\/escalona25.mp4\">Cap\u00edtulo 25<\/a><a href=\"https:\/\/sv3.sosanovel.com\/novela\/escalona\/escalona26.mp4\">Cap\u00edtulo 26<\/a><a href=\"https:\/\/sv3.sosanovel.com\/novela\/escalona\/escalona27.mp4\">Cap\u00edtulo 27<\/a><a href=\"https:\/\/sv3.sosanovel.com\/novela\/escalona\/escalona28.mp4\">Cap\u00edtulo 28<\/a><a href=\"https:\/\/sv3.sosanovel.com\/novela\/escalona\/escalona29.mp4\">Cap\u00edtulo 29<\/a><a href=\"https:\/\/sv3.sosanovel.com\/novela\/escalona\/escalona30.mp4\">Cap\u00edtulo 30<\/a><a href=\"https:\/\/sv3.sosanovel.com\/novela\/escalona\/escalona31.mp4\">Cap\u00edtulo 31<\/a><a href=\"https:\/\/sv3.sosanovel.com\/novela\/escalona\/escalona32.mp4\">Cap\u00edtulo 32<\/a><a href=\"https:\/\/sv3.sosanovel.com\/novela\/escalona\/escalona33.mp4\">Cap\u00edtulo 33 FIN<\/a><\/div>\n<\/figcaption><\/figure>\n","protected":false},"excerpt":{"rendered":"<p>&lt;!doctype html&gt; Escalona Cap\u00edtulo 1 Cap\u00edtulo 1Cap\u00edtulo 2Cap\u00edtulo 3Cap\u00edtulo 4Cap\u00edtulo 5Cap\u00edtulo 6Cap\u00edtulo 7Cap\u00edtulo 8Cap\u00edtulo 9Cap\u00edtulo 10Cap\u00edtulo 11Cap\u00edtulo 12Cap\u00edtulo 13Cap\u00edtulo 14Cap\u00edtulo 15Cap\u00edtulo 16Cap\u00edtulo 17Cap\u00edtulo 18Cap\u00edtulo 19Cap\u00edtulo 20Cap\u00edtulo 21Cap\u00edtulo 22Cap\u00edtulo 23Cap\u00edtulo 24Cap\u00edtulo 25Cap\u00edtulo 26Cap\u00edtulo 27Cap\u00edtulo 28Cap\u00edtulo 29Cap\u00edtulo 30Cap\u00edtulo 31Cap\u00edtulo 32Cap\u00edtulo 33 FIN<\/p>\n","protected":false},"author":1,"featured_media":0,"parent":0,"menu_order":0,"comment_status":"open","ping_status":"open","template":"page-iframe.php","meta":{"_acf_changed":false,"footnotes":""},"class_list":["post-303","page","type-page","status-publish","hentry"],"acf":[],"_links":{"self":[{"href":"https:\/\/sosanovel.net\/index.php?rest_route=\/wp\/v2\/pages\/303","targetHints":{"allow":["GET"]}}],"collection":[{"href":"https:\/\/sosanovel.net\/index.php?rest_route=\/wp\/v2\/pages"}],"about":[{"href":"https:\/\/sosanovel.net\/index.php?rest_route=\/wp\/v2\/types\/page"}],"author":[{"embeddable":true,"href":"https:\/\/sosanovel.net\/index.php?rest_route=\/wp\/v2\/users\/1"}],"replies":[{"embeddable":true,"href":"https:\/\/sosanovel.net\/index.php?rest_route=%2Fwp%2Fv2%2Fcomments&post=303"}],"version-history":[{"count":5,"href":"https:\/\/sosanovel.net\/index.php?rest_route=\/wp\/v2\/pages\/303\/revisions"}],"predecessor-version":[{"id":7547,"href":"https:\/\/sosanovel.net\/index.php?rest_route=\/wp\/v2\/pages\/303\/revisions\/7547"}],"wp:attachment":[{"href":"https:\/\/sosanovel.net\/index.php?rest_route=%2Fwp%2Fv2%2Fmedia&parent=303"}],"curies":[{"name":"wp","href":"https:\/\/api.w.org\/{rel}","templated":true}]}}